{"id":1749,"date":"2022-02-25T09:26:46","date_gmt":"2022-02-25T09:26:46","guid":{"rendered":"https:\/\/www.chevronparquet.com\/product\/bespoke-solutions\/"},"modified":"2024-02-01T15:35:10","modified_gmt":"2024-02-01T15:35:10","slug":"bespoke-solutions","status":"publish","type":"product","link":"https:\/\/www.chevronparquet.com\/dk\/product\/bespoke-solutions\/","title":{"rendered":"Skr\u00e6ddersyede l\u00f8sninger"},"content":{"rendered":"<section id=\"block_65bbb95756063\" class=\"tpl90s block product-top\">\n    <div class=\"row margin\">\n        <div class=\"col-100\">\n            <h1 class=\"h2 plain\">Skr\u00e6ddersy<\/h1>\n        <\/div>\n    <\/div>\n    <div class=\"row margin\">\n        <div class=\"col-33 col-100-sm\">\n            <a href=\"#\">\n            <img decoding=\"async\" src=\"https:\/\/www.chevronparquet.com\/wp-content\/uploads\/2023\/11\/4_5-09709-scaled.jpg\" srcset=\"https:\/\/www.chevronparquet.com\/wp-content\/uploads\/2023\/11\/4_5-09709-scaled.jpg 2048w, https:\/\/www.chevronparquet.com\/wp-content\/uploads\/2023\/11\/4_5-09709-240x300.jpg 240w, https:\/\/www.chevronparquet.com\/wp-content\/uploads\/2023\/11\/4_5-09709-1229x1536.jpg 1229w, https:\/\/www.chevronparquet.com\/wp-content\/uploads\/2023\/11\/4_5-09709-1638x2048.jpg 1638w, https:\/\/www.chevronparquet.com\/wp-content\/uploads\/2023\/11\/4_5-09709-500x625.jpg 500w, https:\/\/www.chevronparquet.com\/wp-content\/uploads\/2023\/11\/4_5-09709-600x750.jpg 600w, https:\/\/www.chevronparquet.com\/wp-content\/uploads\/2023\/11\/4_5-09709-480x600.jpg 480w, https:\/\/www.chevronparquet.com\/wp-content\/uploads\/2023\/11\/4_5-09709-800x1000.jpg 800w, https:\/\/www.chevronparquet.com\/wp-content\/uploads\/2023\/11\/4_5-09709-900x1125.jpg 900w, https:\/\/www.chevronparquet.com\/wp-content\/uploads\/2023\/11\/4_5-09709-1360x1700.jpg 1360w, https:\/\/www.chevronparquet.com\/wp-content\/uploads\/2023\/11\/4_5-09709-232x290.jpg 232w, https:\/\/www.chevronparquet.com\/wp-content\/uploads\/2023\/11\/4_5-09709-156x195.jpg 156w\">\n            <\/a>\n        <\/div>\n        <div class=\"col-33 col-100-sm\">\n            <p>Produkt: Skr\u00e6ddersyede l\u00f8sninger<\/p>\n        <\/div>\n        <div class=\"col-33 col-100-sm col-no-gutter\">\n            <p class=\"h4 h4-sm\">Et m\u00f8de mellem kreative hjerner \u2013 s\u00e5dan ser vi p\u00e5 vores arkitektoniske samarbejder. Ved at tro p\u00e5 dine ideer lige s\u00e5 passioneret, som om de var vores egne, bruger vi al vores erfaring inden for tekstur, overfladebehandling og kreative anvendelser til at give hvert unikt projekt det udtryk, der passer til din egen ambition.<\/p>\n            <p>Vi hj\u00e6lper dig med at realisere dine ideer, fra specialdesignede designs til v\u00e6gpaneler eller farvematchede indvendige d\u00f8re. Lad dig aldrig begr\u00e6nse. Kontakt os &#8211; vi vil give dit projekt dedikation og opm\u00e6rksomhed, med ett nytt perspektiv.<\/p>\n        <\/div>\n    <\/div>\n<\/section>\n","protected":false},"excerpt":{"rendered":"","protected":false},"featured_media":4365,"menu_order":4,"template":"","meta":{"_seopress_robots_primary_cat":"","_seopress_titles_title":"Skr\u00e6ddersyede l\u00f8sninger","_seopress_titles_desc":"Vi hj\u00e6lper dig med at realisere dine ideer, fra specialdesignede designs til v\u00e6gpaneler eller farvematchede indvendige d\u00f8re. Lad dig aldrig begr\u00e6nse. Vi vil give dit projekt dedikation og opm\u00e6rksomhed, med ett nytt perspektiv.","_seopress_robots_index":""},"colors":[],"class_list":["post-1749","product","type-product","status-publish","has-post-thumbnail","hentry"],"acf":[],"_links":{"self":[{"href":"https:\/\/www.chevronparquet.com\/dk\/wp-json\/wp\/v2\/product\/1749"}],"collection":[{"href":"https:\/\/www.chevronparquet.com\/dk\/wp-json\/wp\/v2\/product"}],"about":[{"href":"https:\/\/www.chevronparquet.com\/dk\/wp-json\/wp\/v2\/types\/product"}],"wp:featuredmedia":[{"embeddable":true,"href":"https:\/\/www.chevronparquet.com\/dk\/wp-json\/wp\/v2\/media\/4365"}],"wp:attachment":[{"href":"https:\/\/www.chevronparquet.com\/dk\/wp-json\/wp\/v2\/media?parent=1749"}],"wp:term":[{"taxonomy":"colors","embeddable":true,"href":"https:\/\/www.chevronparquet.com\/dk\/wp-json\/wp\/v2\/colors?post=1749"}],"curies":[{"name":"wp","href":"https:\/\/api.w.org\/{rel}","templated":true}]}}