{"id":1973,"date":"2022-04-20T11:11:17","date_gmt":"2022-04-20T11:11:17","guid":{"rendered":"https:\/\/www.chevronparquet.com\/sekretesspolicy\/"},"modified":"2022-05-20T10:08:49","modified_gmt":"2022-05-20T10:08:49","slug":"sekretesspolicy","status":"publish","type":"page","link":"https:\/\/www.chevronparquet.com\/dk\/sekretesspolicy\/","title":{"rendered":"Privatlivspolitik"},"content":{"rendered":"<section id=\"text-block-block_625fea44a6cfa\" class=\"block text-block\">\n    <div class=\"container\">\n        <div class=\"text-block__wrapper align-\" style=\"max-width: 1280px;\">\n            <h1 class=\"text-block__title heading h2\">Privatlivspolitik<\/h1><p><strong>Behandling af personoplysninger i overensstemmelse med EU\u2019s <\/strong><strong>databeskyttelsesforordning (GDPR) 2016\/679 <\/strong><\/p>\n<p>Chevron Parquet Scandinavia AB er ansvarlig for s\u00e5danne personlige oplysninger, som vi modtager i forbindelse med opgaver samt for personoplysninger, der behandles under en opgaves tilrettel\u00e6ggelse eller administration.<\/p>\n<p>Vi behandler disse oplysninger for at kunne udf\u00f8re og administrere en opgave, for at beskytte dine interesser samt af hensyn til fakturering og bogf\u00f8ring. Retsgrundlaget for oplysningerne er blandt andet databeskyttelsesforordningen og bogf\u00f8ringsloven. Disse love tillader behandling af oplysninger med henblik p\u00e5 at s\u00e6tte os i stand til at opfylde vores forpligtelser over for vores kunder\/registrerede og i relation til andre juridiske rammer. Efter en afvejning af interesser, hvor blandt andet de registreredes indsigelser mod behandlingen tages i betragtning, giver lovgivningen ligeledes mulighed for behandling af personoplysninger, hvor vi og andre virksomheder indenfor koncerngruppen har en berettiget interesse i effektivt at udvikle, markedsf\u00f8re og administrere vores ydelser og forretningsaktiviteter og ligeledes i at v\u00e6rne om vores samfundsrettigheder og -pligter. Oplysningerne kan ogs\u00e5 anvendes til virksomheds- og metodeudvikling, markedsanalyse, statistik og risikostyring. De oplysninger, der anvendes med henblik p\u00e5 virksomhedsudvikling og -analyse, behandles med afs\u00e6t i vores berettigede interesse i s\u00e5vel at udvikle virksomheden som at kommunikere med vores kontaktpersoner.<\/p>\n<p>Vi videregiver ikke nogen som helst personoplysning til nogen tredjepart, medmindre der er tale om tilf\u00e6lde, hvor det er udtrykkeligt aftalt mellem selskabet og den registrerede, s\u00e5fremt dette er n\u00f8dvendigt for, at vi kan opfylde vores juridiske forpligtelser eller i tilf\u00e6lde, hvor vi engagerer en ekstern tjenesteudbyder til at udf\u00f8re opgaver p\u00e5 vores vegne.<\/p>\n<p>I overensstemmelse med selskabets forpligtelser i henhold til de ovenfor n\u00e6vnte forskrifter gemmes personoplysninger i en 10-\u00e5rig periode fra en opgaves f\u00e6rdigg\u00f8relse, eller fra betalingsdato for den endelige faktura eller i en udvidet tidsperiode som f\u00f8lge af opgavens karakter. Oplysninger, der behandles med henblik p\u00e5 at udvikle, analysere og markedsf\u00f8re selskabets virksomhed, gemmes i en periode p\u00e5 5 \u00e5r fra seneste kontakt. Hvis du afbestiller nyhedsbreve m.v., slettes samtlige personoplysninger med \u00f8jeblikkelig virkning.<\/p>\n<p>Du har ret til uden beregning at forlange at f\u00e5 oplysning fra selskabet omkring anvendelse af s\u00e5danne personoplysninger, som vedr\u00f8rer dig. Vi vil enten efter anmodning fra dig eller p\u00e5 eget initiativ korrigere eller slette un\u00f8jagtige oplysninger, eller vi vil begr\u00e6nse behandlingen af s\u00e5danne oplysninger. Du har ydermere ret til at forlange, at dine personoplysninger ikke vil blive anvendt til direkte markedsf\u00f8ring. Du har ogs\u00e5 ret til at modtage dine personoplysninger i maskinl\u00e6sbar form (eller, hvor teknisk muligt, at f\u00e5 dine personoplysninger overf\u00f8rt til en tredjepart efter eget valg). Skulle du v\u00e6re utilfreds med vores behandling af dine personoplysninger, kan du indsende en klage til en tilsynsf\u00f8rende myndighed i landet, hvor du bor eller arbejder.<\/p>\n<p>Kontakt os p\u00e5 info@chevronparquet.com eller p\u00e5 adressen nedenfor, hvis du skulle have sp\u00f8rgsm\u00e5l vedr\u00f8rende vores behandling af personoplysninger.<\/p>\n<h5>Chevron Parquet Scandinavia AB<br \/>\nNils Holgerssons V\u00e4g 22<br \/>\n274 56 Abbek\u00e5s<br \/>\nSweden<\/h5>\n        <\/div>\n    <\/div>\n<\/section>","protected":false},"excerpt":{"rendered":"","protected":false},"author":1,"featured_media":0,"parent":0,"menu_order":0,"comment_status":"closed","ping_status":"closed","template":"","meta":{"_seopress_robots_primary_cat":"","_seopress_titles_title":"","_seopress_titles_desc":"","_seopress_robots_index":"","footnotes":""},"class_list":["post-1973","page","type-page","status-publish","hentry"],"acf":[],"_links":{"self":[{"href":"https:\/\/www.chevronparquet.com\/dk\/wp-json\/wp\/v2\/pages\/1973"}],"collection":[{"href":"https:\/\/www.chevronparquet.com\/dk\/wp-json\/wp\/v2\/pages"}],"about":[{"href":"https:\/\/www.chevronparquet.com\/dk\/wp-json\/wp\/v2\/types\/page"}],"author":[{"embeddable":true,"href":"https:\/\/www.chevronparquet.com\/dk\/wp-json\/wp\/v2\/users\/1"}],"replies":[{"embeddable":true,"href":"https:\/\/www.chevronparquet.com\/dk\/wp-json\/wp\/v2\/comments?post=1973"}],"version-history":[{"count":8,"href":"https:\/\/www.chevronparquet.com\/dk\/wp-json\/wp\/v2\/pages\/1973\/revisions"}],"predecessor-version":[{"id":2803,"href":"https:\/\/www.chevronparquet.com\/dk\/wp-json\/wp\/v2\/pages\/1973\/revisions\/2803"}],"wp:attachment":[{"href":"https:\/\/www.chevronparquet.com\/dk\/wp-json\/wp\/v2\/media?parent=1973"}],"curies":[{"name":"wp","href":"https:\/\/api.w.org\/{rel}","templated":true}]}}