{"id":1728,"date":"2022-03-16T08:58:22","date_gmt":"2022-03-16T08:58:22","guid":{"rendered":"https:\/\/www.chevronparquet.com\/%ef%bf%bcarchitects\/"},"modified":"2024-02-12T11:22:23","modified_gmt":"2024-02-12T11:22:23","slug":"arkitekter","status":"publish","type":"page","link":"https:\/\/www.chevronparquet.com\/dk\/arkitekter\/","title":{"rendered":"Arkitekter"},"content":{"rendered":"<section id=\"block_65bc1daa4a50d\" class=\"tpl90s block product-top\">\n    <div class=\"row margin\">\n        <div class=\"col-100\">\n            <h1 class=\"h2 plain\">Arkitekter<\/h1>\n        <\/div>\n    <\/div>\n    <div class=\"row margin\">\n        <div class=\"col-33 col-100-sm\">\n            <a href=\"#\">\n            <img decoding=\"async\" src=\"https:\/\/www.chevronparquet.com\/wp-content\/uploads\/2022\/03\/gulvarkitekt.jpg\" srcset=\"https:\/\/www.chevronparquet.com\/wp-content\/uploads\/2022\/03\/gulvarkitekt.jpg 1440w, https:\/\/www.chevronparquet.com\/wp-content\/uploads\/2022\/03\/gulvarkitekt-253x300.jpg 253w, https:\/\/www.chevronparquet.com\/wp-content\/uploads\/2022\/03\/gulvarkitekt-1295x1536.jpg 1295w, https:\/\/www.chevronparquet.com\/wp-content\/uploads\/2022\/03\/gulvarkitekt-500x593.jpg 500w, https:\/\/www.chevronparquet.com\/wp-content\/uploads\/2022\/03\/gulvarkitekt-506x600.jpg 506w, https:\/\/www.chevronparquet.com\/wp-content\/uploads\/2022\/03\/gulvarkitekt-800x949.jpg 800w, https:\/\/www.chevronparquet.com\/wp-content\/uploads\/2022\/03\/gulvarkitekt-768x911.jpg 768w, https:\/\/www.chevronparquet.com\/wp-content\/uploads\/2022\/03\/gulvarkitekt-863x1024.jpg 863w, https:\/\/www.chevronparquet.com\/wp-content\/uploads\/2022\/03\/gulvarkitekt-900x1068.jpg 900w\">\n            <\/a>\n        <\/div>\n        <div class=\"col-33 col-100-sm\">\n            <p>For professionelle<\/p>\n        <\/div>\n        <div class=\"col-33 col-100-sm col-no-gutter\">\n            <p class=\"h4 h4-sm\">Vores arkitektside henvender sig til arkitekter, designers, ejendomsudviklere og bygherrer, der ordinerer eller arbejder professionelt. Denne side giver dig direkte kontakt til vores projektafdeling og ekspertr\u00e5dgivning.<\/p>\n            <p><strong>Projekt- og produktr\u00e5dgivning<\/strong><\/p>\n<p>Douglas Bergh<br \/>\ndouglas@chevronparquet.com<br \/>\n+4561141713<br \/>\n+46708471942<\/p>\n<ul>\n<li><a href=\"https:\/\/www.chevronparquet.com\/dk\/tilbud\/\">F\u00e5 et tilbud<\/a><\/li>\n<li><a href=\"https:\/\/www.chevronparquet.com\/dk\/farve-kollektion\/\">Bestille farvepr\u00f8ver<\/a><\/li>\n<li><a href=\"https:\/\/www.chevronparquet.com\/dk\/kontakt\/\">Book et m\u00f8de<\/a><\/li>\n<\/ul>\n        <\/div>\n    <\/div>\n<\/section>\n\n\n<section id=\"spacing-block_65bc1e7c4a50e\" class=\"block spacing bg-color none block_65bc1e7c4a50e\">\n    <style>\n        .spacing.block_65bc1e7c4a50e {\n            height: 30px;\n        }\n        @media (min-width: 768px) {\n            .spacing.block_65bc1e7c4a50e {\n                height: 100px;\n            }\n        }\n    <\/style>\n<\/section>\n\n<section id=\"block_65bc1e974a50f\" class=\"tpl90s block text-image-showcase\">\n    <div class=\"row margin stretch\">\n        <div class=\"col-50 col-100-sm cover-height-sm\">\n            <div class=\"showcase-col column\">\n                <div class=\"showcase-col-top\"><p>Showroom<\/p><\/div>\n                <div class=\"showcase-col-mid\"><p><p>OPLEV VORES GULVE<\/p>\n<p><strong>K\u00d8BENHAVN<\/strong><br \/>\nSHOWROOM OG WORKSHOP<br \/>\nBREDGADE 8<\/p>\n<p><strong>OSLO<\/strong><br \/>\nOCCHIO BY SML<br \/>\nDRAMMENSVEIEN 126 A<\/p>\n<p><strong>HELSINGFORS<\/strong><br \/>\nINO STUDIO<br \/>\nPOHJOISRANTA 8 LH. 4<\/p>\n<\/div>\n                <div class=\"showcase-col-bot\"><p><a href=\"https:\/\/www.chevronparquet.com\/dk\/kontakt\/\">Finde her<\/a><\/p><\/div>\n            <\/div>\n        <\/div>\n        <div class=\"col-50 col-100-sm\">\n            <a href=\"https:\/\/www.chevronparquet.com\/dk\/kontakt\/\" class=\"showcase-media\">\n                <img decoding=\"async\" src=\"https:\/\/www.chevronparquet.com\/wp-content\/uploads\/2022\/12\/blanda_traslag_golv.png\" srcset=\"https:\/\/www.chevronparquet.com\/wp-content\/uploads\/2022\/12\/blanda_traslag_golv.png 1000w, https:\/\/www.chevronparquet.com\/wp-content\/uploads\/2022\/12\/blanda_traslag_golv-200x300.png 200w, https:\/\/www.chevronparquet.com\/wp-content\/uploads\/2022\/12\/blanda_traslag_golv-500x750.png 500w, https:\/\/www.chevronparquet.com\/wp-content\/uploads\/2022\/12\/blanda_traslag_golv-400x600.png 400w, https:\/\/www.chevronparquet.com\/wp-content\/uploads\/2022\/12\/blanda_traslag_golv-800x1200.png 800w, https:\/\/www.chevronparquet.com\/wp-content\/uploads\/2022\/12\/blanda_traslag_golv-900x1350.png 900w\">\n            <\/a>\n        <\/div>\n    <\/div>\n<\/section>\n\n<section id=\"spacing-block_65bc1f194a510\" class=\"block spacing bg-color none block_65bc1f194a510\">\n    <style>\n        .spacing.block_65bc1f194a510 {\n            height: 30px;\n        }\n        @media (min-width: 768px) {\n            .spacing.block_65bc1f194a510 {\n                height: 100px;\n            }\n        }\n    <\/style>\n<\/section>\n\n<section id=\"contact-form-block_65bc1f264a511\" class=\"block contact-form bg-color none\">\n    <div class=\"container\">\n        <div class=\"row\">\n            <div class=\"row__col row__col--md-5\">\n                <div class=\"contact-form__text-block\">\n                    <h1 class=\"contact-form__title heading h2\">Book et m\u00f8de<\/h1>                        <p class=\"contact-form__description body-lg\">Vi st\u00e5r til din r\u00e5dighed, uanset hvor du er i verden.<\/p>\n                                            <p class=\"contact-form__notice\">Book et online m\u00f8de med vores erfarne team for at diskutere dit n\u00e6ste projekt eller f\u00e5 inspiration. N\u00e5r du har udfyldt formularen, vil du blive kontaktet af os.<\/p>\n                                    <\/div>\n            <\/div>\n            <div class=\"row__col row__col--md-7\">\n                                    <div class=\"booking-form-block\">\n                        <script type=\"text\/javascript\">var gform;gform||(document.addEventListener(\"gform_main_scripts_loaded\",function(){gform.scriptsLoaded=!0}),window.addEventListener(\"DOMContentLoaded\",function(){gform.domLoaded=!0}),gform={domLoaded:!1,scriptsLoaded:!1,initializeOnLoaded:function(o){gform.domLoaded&&gform.scriptsLoaded?o():!gform.domLoaded&&gform.scriptsLoaded?window.addEventListener(\"DOMContentLoaded\",o):document.addEventListener(\"gform_main_scripts_loaded\",o)},hooks:{action:{},filter:{}},addAction:function(o,n,r,t){gform.addHook(\"action\",o,n,r,t)},addFilter:function(o,n,r,t){gform.addHook(\"filter\",o,n,r,t)},doAction:function(o){gform.doHook(\"action\",o,arguments)},applyFilters:function(o){return gform.doHook(\"filter\",o,arguments)},removeAction:function(o,n){gform.removeHook(\"action\",o,n)},removeFilter:function(o,n,r){gform.removeHook(\"filter\",o,n,r)},addHook:function(o,n,r,t,i){null==gform.hooks[o][n]&&(gform.hooks[o][n]=[]);var e=gform.hooks[o][n];null==i&&(i=n+\"_\"+e.length),gform.hooks[o][n].push({tag:i,callable:r,priority:t=null==t?10:t})},doHook:function(n,o,r){var t;if(r=Array.prototype.slice.call(r,1),null!=gform.hooks[n][o]&&((o=gform.hooks[n][o]).sort(function(o,n){return o.priority-n.priority}),o.forEach(function(o){\"function\"!=typeof(t=o.callable)&&(t=window[t]),\"action\"==n?t.apply(null,r):r[0]=t.apply(null,r)})),\"filter\"==n)return r[0]},removeHook:function(o,n,t,i){var r;null!=gform.hooks[o][n]&&(r=(r=gform.hooks[o][n]).filter(function(o,n,r){return!!(null!=i&&i!=o.tag||null!=t&&t!=o.priority)}),gform.hooks[o][n]=r)}});<\/script>\n                <div class='gf_browser_gecko gform_wrapper gravity-theme gform-theme--no-framework' data-form-theme='gravity-theme' data-form-index='0' id='gform_wrapper_8' ><form method='post' enctype='multipart\/form-data' target='gform_ajax_frame_8' id='gform_8'  action='\/dk\/wp-json\/wp\/v2\/pages\/1728' data-formid='8' novalidate>\n                        <div class='gform-body gform_body'><div id='gform_fields_8' class='gform_fields top_label form_sublabel_below description_below validation_below'><div id=\"field_8_2\" class=\"gfield gfield--type-text half margin-right gfield_contains_required field_sublabel_below gfield--no-description field_description_below field_validation_below gfield_visibility_visible\"  data-js-reload=\"field_8_2\" ><label class='gfield_label gform-field-label' for='input_8_2'>Navn<span class=\"gfield_required\"><span class=\"gfield_required gfield_required_text\">(P\u00e5kr\u00e6vet)<\/span><\/span><\/label><div class='ginput_container ginput_container_text'><input name='input_2' id='input_8_2' type='text' value='' class='large'   tabindex='1'  aria-required=\"true\" aria-invalid=\"false\"   \/> <\/div><\/div><div id=\"field_8_4\" class=\"gfield gfield--type-text gfield--width-full half margin-left gfield_contains_required field_sublabel_below gfield--no-description field_description_below field_validation_below gfield_visibility_visible\"  data-js-reload=\"field_8_4\" ><label class='gfield_label gform-field-label' for='input_8_4'>Efternavn<span class=\"gfield_required\"><span class=\"gfield_required gfield_required_text\">(P\u00e5kr\u00e6vet)<\/span><\/span><\/label><div class='ginput_container ginput_container_text'><input name='input_4' id='input_8_4' type='text' value='' class='large'   tabindex='2'  aria-required=\"true\" aria-invalid=\"false\"   \/> <\/div><\/div><div id=\"field_8_5\" class=\"gfield gfield--type-email gfield--width-full half margin-right gfield_contains_required field_sublabel_below gfield--no-description field_description_below field_validation_below gfield_visibility_visible\"  data-js-reload=\"field_8_5\" ><label class='gfield_label gform-field-label' for='input_8_5'>E-mail<span class=\"gfield_required\"><span class=\"gfield_required gfield_required_text\">(P\u00e5kr\u00e6vet)<\/span><\/span><\/label><div class='ginput_container ginput_container_email'>\n                            <input name='input_5' id='input_8_5' type='email' value='' class='large' tabindex='3'   aria-required=\"true\" aria-invalid=\"false\"  \/>\n                        <\/div><\/div><div id=\"field_8_6\" class=\"gfield gfield--type-phone gfield--width-full half margin-left field_sublabel_below gfield--no-description field_description_below field_validation_below gfield_visibility_visible\"  data-js-reload=\"field_8_6\" ><label class='gfield_label gform-field-label' for='input_8_6'>Telefon<\/label><div class='ginput_container ginput_container_phone'><input name='input_6' id='input_8_6' type='tel' value='' class='large' tabindex='4'   aria-invalid=\"false\"   \/><\/div><\/div><div id=\"field_8_7\" class=\"gfield gfield--type-date gfield--input-type-datepicker gfield--datepicker-custom-icon gfield--width-full quarter margin-right-small gfield_contains_required field_sublabel_below gfield--no-description field_description_below hidden_label field_validation_below gfield_visibility_visible\"  data-js-reload=\"field_8_7\" ><label class='gfield_label gform-field-label' for='input_8_7'>Date<span class=\"gfield_required\"><span class=\"gfield_required gfield_required_text\">(P\u00e5kr\u00e6vet)<\/span><\/span><\/label><div class='ginput_container ginput_container_date'>\n                            <input name='input_7' id='input_8_7' type='text' value='' class='datepicker gform-datepicker dmy datepicker_with_icon gdatepicker_with_icon' tabindex='5'  placeholder='DD \/ MM \/ \u00c5\u00c5\u00c5' aria-describedby=\"input_8_7_date_format\" aria-invalid=\"false\" aria-required=\"true\"\/>\n                            <span id='input_8_7_date_format' class='screen-reader-text'>DD skr\u00e5streg MM skr\u00e5streg \u00c5\u00c5\u00c5\u00c5<\/span>\n                        <\/div>\n                        <input type='hidden' id='gforms_calendar_icon_input_8_7' class='gform_hidden' value='https:\/\/chevronparquet-stage.c5790.cloudnet.cloud\/wp-content\/themes\/chevron-parquet\/dist\/img\/sort-down.svg'\/><\/div><fieldset id=\"field_8_8\" class=\"gfield gfield--type-time gfield--width-full quarter time margin-right margin-left-small gfield_contains_required field_sublabel_below gfield--no-description field_description_below hidden_label field_validation_below gfield_visibility_visible\"  data-js-reload=\"field_8_8\" ><legend class='gfield_label gform-field-label gfield_label_before_complex' >Time<span class=\"gfield_required\"><span class=\"gfield_required gfield_required_text\">(P\u00e5kr\u00e6vet)<\/span><\/span><\/legend><div class=\"ginput_container ginput_complex gform-grid-row\">\n                        <div class='gfield_time_hour ginput_container ginput_container_time gform-grid-col' id='input_8_8'>\n                            <input type='number' maxlength='2' name='input_8[]' id='input_8_8_1' value='' tabindex='6' min='0' max='24' step='1'  placeholder='TT' aria-required='true'   \/> \n                            <label class='gform-field-label gform-field-label--type-sub hour_label screen-reader-text' for='input_8_8_1'>Tider<\/label>\n                        <\/div>\n                        <div class=\"below hour_minute_colon gform-grid-col\">:<\/div>\n                        <div class='gfield_time_minute ginput_container ginput_container_time gform-grid-col'>\n                            <input type='number' maxlength='2' name='input_8[]' id='input_8_8_2' value='' tabindex='7' min='0' max='59' step='1'  placeholder='MM' aria-required='true'  \/>\n                            <label class='gform-field-label gform-field-label--type-sub minute_label screen-reader-text' for='input_8_8_2'>Minutter<\/label>\n                        <\/div>\n                        \n                    <\/div><\/fieldset><div id=\"field_8_10\" class=\"gfield gfield--type-select half margin-left gfield_contains_required field_sublabel_below gfield--no-description field_description_below hidden_label field_validation_below gfield_visibility_visible\"  data-js-reload=\"field_8_10\" ><label class='gfield_label gform-field-label' for='input_8_10'>By<span class=\"gfield_required\"><span class=\"gfield_required gfield_required_text\">(P\u00e5kr\u00e6vet)<\/span><\/span><\/label><div class='ginput_container ginput_container_select'><select name='input_10' id='input_8_10' class='large gfield_select' tabindex='9'   aria-required=\"true\" aria-invalid=\"false\" ><option value='' selected='selected' class='gf_placeholder'>By<\/option><option value='Digital m\u00f8de' >Digital m\u00f8de<\/option><option value='K\u00f8benhavn Showroom' >K\u00f8benhavn Showroom<\/option><\/select><\/div><\/div><div id=\"field_8_11\" class=\"gfield gfield--type-captcha gfield--width-full field_sublabel_below gfield--no-description field_description_below field_validation_below gfield_visibility_visible\"  data-js-reload=\"field_8_11\" ><label class='gfield_label gform-field-label' for='input_8_11'>CAPTCHA<\/label><div id='input_8_11' class='ginput_container ginput_recaptcha' data-sitekey='6LeABAohAAAAAKTSJMGjAJLFih4Izkmd6nf_Lq1R'  data-theme='light' data-tabindex='10'  data-badge=''><\/div><\/div><\/div><\/div>\n        <div class='gform_footer top_label'> <button class='btn btn--primary' id='gform_submit_button_8'><span>Book et m\u00f8de<\/span><\/button> <input type='hidden' name='gform_ajax' value='form_id=8&amp;title=&amp;description=&amp;tabindex=1&amp;theme=gravity-theme' \/>\n            <input type='hidden' class='gform_hidden' name='is_submit_8' value='1' \/>\n            <input type='hidden' class='gform_hidden' name='gform_submit' value='8' \/>\n            \n            <input type='hidden' class='gform_hidden' name='gform_unique_id' value='' \/>\n            <input type='hidden' class='gform_hidden' name='state_8' value='WyJbXSIsIjIzNDYwMTE2MGU4YmJlMGE3M2I2YmUwMjJkMDE0NjczIl0=' \/>\n            <input type='hidden' class='gform_hidden' name='gform_target_page_number_8' id='gform_target_page_number_8' value='0' \/>\n            <input type='hidden' class='gform_hidden' name='gform_source_page_number_8' id='gform_source_page_number_8' value='1' \/>\n            <input type='hidden' name='gform_field_values' value='' \/>\n            \n        <\/div>\n                        <\/form>\n                        <\/div>\n\t\t                <iframe style='display:none;width:0px;height:0px;' src='about:blank' name='gform_ajax_frame_8' id='gform_ajax_frame_8' title='Denne iframe indeholder logikken, der er kr\u00e6vet for at h\u00e5ndtere Gravity Formularer, der bruger Ajax.'><\/iframe>\n\t\t                <script type=\"text\/javascript\">\n\/* <![CDATA[ *\/\n gform.initializeOnLoaded( function() {gformInitSpinner( 8, 'https:\/\/www.chevronparquet.com\/wp-content\/plugins\/gravityforms\/images\/spinner.svg', true );jQuery('#gform_ajax_frame_8').on('load',function(){var contents = jQuery(this).contents().find('*').html();var is_postback = contents.indexOf('GF_AJAX_POSTBACK') >= 0;if(!is_postback){return;}var form_content = jQuery(this).contents().find('#gform_wrapper_8');var is_confirmation = jQuery(this).contents().find('#gform_confirmation_wrapper_8').length > 0;var is_redirect = contents.indexOf('gformRedirect(){') >= 0;var is_form = form_content.length > 0 && ! is_redirect && ! is_confirmation;var mt = parseInt(jQuery('html').css('margin-top'), 10) + parseInt(jQuery('body').css('margin-top'), 10) + 100;if(is_form){jQuery('#gform_wrapper_8').html(form_content.html());if(form_content.hasClass('gform_validation_error')){jQuery('#gform_wrapper_8').addClass('gform_validation_error');} else {jQuery('#gform_wrapper_8').removeClass('gform_validation_error');}setTimeout( function() { \/* delay the scroll by 50 milliseconds to fix a bug in chrome *\/  }, 50 );if(window['gformInitDatepicker']) {gformInitDatepicker();}if(window['gformInitPriceFields']) {gformInitPriceFields();}var current_page = jQuery('#gform_source_page_number_8').val();gformInitSpinner( 8, 'https:\/\/www.chevronparquet.com\/wp-content\/plugins\/gravityforms\/images\/spinner.svg', true );jQuery(document).trigger('gform_page_loaded', [8, current_page]);window['gf_submitting_8'] = false;}else if(!is_redirect){var confirmation_content = jQuery(this).contents().find('.GF_AJAX_POSTBACK').html();if(!confirmation_content){confirmation_content = contents;}jQuery('#gform_wrapper_8').replaceWith(confirmation_content);jQuery(document).trigger('gform_confirmation_loaded', [8]);window['gf_submitting_8'] = false;wp.a11y.speak(jQuery('#gform_confirmation_message_8').text());}else{jQuery('#gform_8').append(contents);if(window['gformRedirect']) {gformRedirect();}}jQuery(document).trigger(\"gform_pre_post_render\", [{ formId: \"8\", currentPage: \"current_page\", abort: function() { this.preventDefault(); } }]);                if (event && event.defaultPrevented) {                return;         }        const gformWrapperDiv = document.getElementById( \"gform_wrapper_8\" );        if ( gformWrapperDiv ) {            const visibilitySpan = document.createElement( \"span\" );            visibilitySpan.id = \"gform_visibility_test_8\";            gformWrapperDiv.insertAdjacentElement( \"afterend\", visibilitySpan );        }        const visibilityTestDiv = document.getElementById( \"gform_visibility_test_8\" );        let postRenderFired = false;                function triggerPostRender() {            if ( postRenderFired ) {                return;            }            postRenderFired = true;            jQuery( document ).trigger( 'gform_post_render', [8, current_page] );            gform.utils.trigger( { event: 'gform\/postRender', native: false, data: { formId: 8, currentPage: current_page } } );            if ( visibilityTestDiv ) {                visibilityTestDiv.parentNode.removeChild( visibilityTestDiv );            }        }        function debounce( func, wait, immediate ) {            var timeout;            return function() {                var context = this, args = arguments;                var later = function() {                    timeout = null;                    if ( !immediate ) func.apply( context, args );                };                var callNow = immediate && !timeout;                clearTimeout( timeout );                timeout = setTimeout( later, wait );                if ( callNow ) func.apply( context, args );            };        }        const debouncedTriggerPostRender = debounce( function() {            triggerPostRender();        }, 200 );        if ( visibilityTestDiv && visibilityTestDiv.offsetParent === null ) {            const observer = new MutationObserver( ( mutations ) => {                mutations.forEach( ( mutation ) => {                    if ( mutation.type === 'attributes' && visibilityTestDiv.offsetParent !== null ) {                        debouncedTriggerPostRender();                        observer.disconnect();                    }                });            });            observer.observe( document.body, {                attributes: true,                childList: false,                subtree: true,                attributeFilter: [ 'style', 'class' ],            });        } else {            triggerPostRender();        }    } );} ); \n\/* ]]> *\/\n<\/script>\n                    <\/div>\n                            <\/div>\n        <\/div>\n    <\/div>\n<\/section>\n\n<section id=\"spacing-block_65bc209f4a512\" class=\"block spacing bg-color none block_65bc209f4a512\">\n    <style>\n        .spacing.block_65bc209f4a512 {\n            height: 30px;\n        }\n        @media (min-width: 768px) {\n            .spacing.block_65bc209f4a512 {\n                height: 100px;\n            }\n        }\n    <\/style>\n<\/section>\n\n<section id=\"\" class=\"product-references tpl90s\">\n    <div class=\"references-list row margin margin-left-sm nowrap scroll\">\n    <\/div>\n    <div class=\"hidden-sm\">\n        <div class=\"references-nav row margin\">\n            <div class=\"col-100\">\n                <p class=\"text-align-center\"><img decoding=\"async\" src=\"\/\/www.chevronparquet.com\/wp-content\/uploads\/2024\/01\/arrow.svg\" style=\"transform: rotate(90deg)\" class=\"prev stop\"> <img decoding=\"async\" src=\"\/\/www.chevronparquet.com\/wp-content\/uploads\/2024\/01\/arrow.svg\" style=\"transform: rotate(-90deg)\" class=\"next\"><\/p>\n            <\/div>\n        <\/div>\n    <\/div>\n    <script>\n        \n    <\/script>\n<\/section>\n<script defer type=\"text\/javascript\" src=\"\/\/www.chevronparquet.com\/wp-content\/themes\/chevron-parquet\/blocks\/product-references\/product-references.js\"><\/script>","protected":false},"excerpt":{"rendered":"","protected":false},"author":1,"featured_media":0,"parent":0,"menu_order":0,"comment_status":"closed","ping_status":"closed","template":"","meta":{"_seopress_robots_primary_cat":"","_seopress_titles_title":"Eksklusive tr\u00e6gulve fra et nyt perspektiv","_seopress_titles_desc":"Vores arkitektside henvender sig til arkitekter, designers, ejendomsudviklere og bygherrer, der ordinerer eller arbejder professionelt. Denne side giver dig direkte kontakt til vores projektafdeling og ekspertr\u00e5dgivning.","_seopress_robots_index":"","footnotes":""},"class_list":["post-1728","page","type-page","status-publish","hentry"],"acf":[],"_links":{"self":[{"href":"https:\/\/www.chevronparquet.com\/dk\/wp-json\/wp\/v2\/pages\/1728"}],"collection":[{"href":"https:\/\/www.chevronparquet.com\/dk\/wp-json\/wp\/v2\/pages"}],"about":[{"href":"https:\/\/www.chevronparquet.com\/dk\/wp-json\/wp\/v2\/types\/page"}],"author":[{"embeddable":true,"href":"https:\/\/www.chevronparquet.com\/dk\/wp-json\/wp\/v2\/users\/1"}],"replies":[{"embeddable":true,"href":"https:\/\/www.chevronparquet.com\/dk\/wp-json\/wp\/v2\/comments?post=1728"}],"version-history":[{"count":36,"href":"https:\/\/www.chevronparquet.com\/dk\/wp-json\/wp\/v2\/pages\/1728\/revisions"}],"predecessor-version":[{"id":4946,"href":"https:\/\/www.chevronparquet.com\/dk\/wp-json\/wp\/v2\/pages\/1728\/revisions\/4946"}],"wp:attachment":[{"href":"https:\/\/www.chevronparquet.com\/dk\/wp-json\/wp\/v2\/media?parent=1728"}],"curies":[{"name":"wp","href":"https:\/\/api.w.org\/{rel}","templated":true}]}}