{"id":1724,"date":"2022-03-16T09:26:43","date_gmt":"2022-03-16T09:26:43","guid":{"rendered":"https:\/\/www.chevronparquet.com\/about-us\/"},"modified":"2022-04-25T08:32:08","modified_gmt":"2022-04-25T08:32:08","slug":"about-us","status":"publish","type":"page","link":"https:\/\/www.chevronparquet.com\/dk\/about-us\/","title":{"rendered":"Om os"},"content":{"rendered":"<section id=\"image-and-text-block_6246f98a3bc90\" class=\"block image-and-text\">\n    <div class=\"container\">\n        <div class=\"row row--top\">\n            <div class=\"row__col row__col--md-6 order-0 order-md-1 aos-perent-elmn\">\n                <figure class=\"image-and-text__image push-right aos-init\" data-aos=\"zoom-out\">\n                    <picture>\n                        <img loading=\"lazy\" decoding=\"async\" width=\"768\" height=\"960\" src=\"https:\/\/www.chevronparquet.com\/wp-content\/uploads\/2022\/04\/chevron_om_oss.jpg\" class=\"attachment-medium_large size-medium_large\" alt=\"\" srcset=\"https:\/\/www.chevronparquet.com\/wp-content\/uploads\/2022\/04\/chevron_om_oss.jpg 2048w, https:\/\/www.chevronparquet.com\/wp-content\/uploads\/2022\/04\/chevron_om_oss-240x300.jpg 240w, https:\/\/www.chevronparquet.com\/wp-content\/uploads\/2022\/04\/chevron_om_oss-1229x1536.jpg 1229w, https:\/\/www.chevronparquet.com\/wp-content\/uploads\/2022\/04\/chevron_om_oss-1639x2048.jpg 1639w, https:\/\/www.chevronparquet.com\/wp-content\/uploads\/2022\/04\/chevron_om_oss-500x625.jpg 500w, https:\/\/www.chevronparquet.com\/wp-content\/uploads\/2022\/04\/chevron_om_oss-480x600.jpg 480w, https:\/\/www.chevronparquet.com\/wp-content\/uploads\/2022\/04\/chevron_om_oss-800x1000.jpg 800w\" sizes=\"(max-width: 768px) 100vw, 768px\" \/>                    <\/picture>\n                <\/figure>\n            <\/div>\n            <div class=\"row__col row__col--md-6 order-1 order-md-0\">\n                <div class=\"image-and-text__text-block push-left\">\n                    <h1 class=\"image-and-text__title heading h2\">Om os<\/h1>                        <p class=\"image-and-text__sub-title-text body-lg\">Chevron Parquet er en h\u00e6derkronet svensk \r\nproducent af tr\u00e6gulve, der er grundlagt og drives af \r\nfar og s\u00f8nner. Vi har en dybtliggende passion for tr\u00e6, og den\r\nbruger vi, n\u00e5r vi fremstiller eksklusive tr\u00e6gulve, der \r\ner baseret p\u00e5 vores \u00f8nske om at favne og vise den \r\n\u00e6gte styrke ved godt h\u00e5ndv\u00e6rk.<\/p>\n                    <p>Vi har aktiviteter over hele verden i vores bestr\u00e6belser p\u00e5 at v\u00e6re f\u00f8rende inden for arkitektonisk brug af tr\u00e6gulve. Vores erfarne team, der er fyldt med nysgerrighed og en bevidsthed om design, str\u00e6ber kompromisl\u00f8st efter at give tr\u00e6gulvet det perfekte udtryk i hvert projekt.<\/p>\n                    <div class=\"image-and-text__btns\">\n                                            <\/div>\n                <\/div>\n            <\/div>\n        <\/div>\n    <\/div>\n<\/section>\n\n<section id=\"spacing-block_6246fa803bc91\" class=\"block spacing block_6246fa803bc91\">\n    <style>\n        .spacing.block_6246fa803bc91 {\n            height: 6px;\n        }\n        @media (min-width: 768px) {\n            .spacing.block_6246fa803bc91 {\n                height: 6px;\n            }\n        }\n    <\/style>\n<\/section>\n\n<section id=\"inner-page-hero-block_6262ac702a826\" class=\"block inner-page-hero\" style=\"background: linear-gradient(0deg, rgba(0, 0, 0, 0.2), rgba(0, 0, 0, 0.2)), linear-gradient(180deg, rgba(0, 0, 0, 0.4) 9.55%, rgba(0, 0, 0, 0) 37.36%), url(https:\/\/www.chevronparquet.com\/wp-content\/uploads\/2022\/03\/ekskog.jpg) center center \/ cover no-repeat;\">\n<\/section>\n\n<section id=\"text-block-block_6262aca22a827\" class=\"block text-block\">\n    <div class=\"container\">\n        <div class=\"text-block__wrapper align-\" style=\"max-width: 448px;\">\n                            <p class=\"text-block__sub-title-text body-lg\">Alle tr\u00e6er b\u00e6rer sin egen historie. Det er kendetegnet ved de unikke aftryk skabt af naturens kr\u00e6fter.<\/p>\n            <p>Alle vores produkter er lavet af materialer fra b\u00e6redygtigt europ\u00e6isk skovbrug.<\/p>\n        <\/div>\n    <\/div>\n<\/section>\n\n<section id=\"spacing-block_6246faf33bc92\" class=\"block spacing block_6246faf33bc92\">\n    <style>\n        .spacing.block_6246faf33bc92 {\n            height: 6px;\n        }\n        @media (min-width: 768px) {\n            .spacing.block_6246faf33bc92 {\n                height: 6px;\n            }\n        }\n    <\/style>\n<\/section>\n\n<section id=\"image-and-text-block_6231acf18d064\" class=\"block image-and-text\">\n    <div class=\"container\">\n        <div class=\"row row--top\">\n            <div class=\"row__col row__col--md-6 order-0  aos-perent-elmn\">\n                <figure class=\"image-and-text__image aos-init\" data-aos=\"zoom-out\">\n                    <picture>\n                        <img loading=\"lazy\" decoding=\"async\" width=\"768\" height=\"947\" src=\"https:\/\/www.chevronparquet.com\/wp-content\/uploads\/2022\/03\/overfladebehandling-trae-scaled-e1648734092180-768x947.jpg\" class=\"attachment-medium_large size-medium_large\" alt=\"\" srcset=\"https:\/\/www.chevronparquet.com\/wp-content\/uploads\/2022\/03\/overfladebehandling-trae-scaled-e1648734092180-768x947.jpg 768w, https:\/\/www.chevronparquet.com\/wp-content\/uploads\/2022\/03\/overfladebehandling-trae-scaled-e1648734092180-831x1024.jpg 831w\" sizes=\"(max-width: 768px) 100vw, 768px\" \/>                    <\/picture>\n                <\/figure>\n            <\/div>\n            <div class=\"row__col row__col--md-6 order-1 \">\n                <div class=\"image-and-text__text-block push-right\">\n                    <h2 class=\"image-and-text__title heading h2\">Naturen s\u00e6tter gr\u00e6nsen<\/h2>                        <p class=\"image-and-text__sub-title-text body-lg\">Naturlige elementer som tr\u00e6gulve fungerer som en visuel forbindelse mellem inde og ude. Vores udvalg af tr\u00e6gulve er formet og karakteriseret af det, som naturen kan tilbyde, og vores styrke er at tilpasse os din vision.\r\n<\/p>\n                    <p>Gennem unikke fremstillingsmuligheder samt bevidsthed, kompetence og omhu h\u00e6drer vi naturens kreationer ved at give dem et nyt liv og form\u00e5l.<\/p>\n                    <div class=\"image-and-text__btns\">\n                                            <\/div>\n                <\/div>\n            <\/div>\n        <\/div>\n    <\/div>\n<\/section>\n\n\n\n\n<section id=\"products-list-block_6231ad588d066\" class=\"block products-list\">\n\t<div class=\"container\">\n\t\t        \t\t\t<div class=\"products-list__heading\">\n                <h2 class=\"heading h2\">Produkter<\/h2>\t\t\t<\/div>\n        \n\t\t<div class=\"row\">\n\n            \n\t\t\t\t<div class=\"row__col row__col--6 row__col--md-4 row__col--lg-3\">\n\t\t\t\t\t<a href=\"https:\/\/www.chevronparquet.com\/dk\/product\/plankegulve\/\" title=\"1745Om os\">\n\t\t\t\t\t\t\t\t\t\t\t\t<div class=\"products-list__product-wrap aos-perent-elmn\">\n\t\t\t\t\t\t\t<div class=\"img-wrap aos-init\" data-aos=\"zoom-out\">\n\t\t\t\t\t\t\t\t<img loading=\"lazy\" decoding=\"async\" width=\"500\" height=\"625\" src=\"https:\/\/www.chevronparquet.com\/wp-content\/uploads\/2022\/02\/DSC09694-Forbattrat-BR-500x625.jpg\" class=\"attachment-post-block-image size-post-block-image wp-post-image\" alt=\"Plankgolv_DanielBerlin_Restaurang\" srcset=\"https:\/\/www.chevronparquet.com\/wp-content\/uploads\/2022\/02\/DSC09694-Forbattrat-BR-500x625.jpg 500w, https:\/\/www.chevronparquet.com\/wp-content\/uploads\/2022\/02\/DSC09694-Forbattrat-BR-240x300.jpg 240w, https:\/\/www.chevronparquet.com\/wp-content\/uploads\/2022\/02\/DSC09694-Forbattrat-BR-1229x1536.jpg 1229w, https:\/\/www.chevronparquet.com\/wp-content\/uploads\/2022\/02\/DSC09694-Forbattrat-BR-1638x2048.jpg 1638w, https:\/\/www.chevronparquet.com\/wp-content\/uploads\/2022\/02\/DSC09694-Forbattrat-BR-600x750.jpg 600w, https:\/\/www.chevronparquet.com\/wp-content\/uploads\/2022\/02\/DSC09694-Forbattrat-BR-480x600.jpg 480w, https:\/\/www.chevronparquet.com\/wp-content\/uploads\/2022\/02\/DSC09694-Forbattrat-BR-800x1000.jpg 800w, https:\/\/www.chevronparquet.com\/wp-content\/uploads\/2022\/02\/DSC09694-Forbattrat-BR-900x1125.jpg 900w, https:\/\/www.chevronparquet.com\/wp-content\/uploads\/2022\/02\/DSC09694-Forbattrat-BR-1360x1700.jpg 1360w, https:\/\/www.chevronparquet.com\/wp-content\/uploads\/2022\/02\/DSC09694-Forbattrat-BR-232x290.jpg 232w, https:\/\/www.chevronparquet.com\/wp-content\/uploads\/2022\/02\/DSC09694-Forbattrat-BR-156x195.jpg 156w, https:\/\/www.chevronparquet.com\/wp-content\/uploads\/2022\/02\/DSC09694-Forbattrat-BR-scaled.jpg 2048w\" sizes=\"(max-width: 500px) 100vw, 500px\" \/>\t\t\t\t\t\t\t<\/div>\n\t\t\t\t\t\t\t<h3 class=\"product-title h5\">Plankegulv<\/h3>\n\t\t\t\t\t\t<\/div>\n\t\t\t\t\t<\/a>\n\t\t\t\t<\/div>\n\n            \n\t\t\t\t<div class=\"row__col row__col--6 row__col--md-4 row__col--lg-3\">\n\t\t\t\t\t<a href=\"https:\/\/www.chevronparquet.com\/dk\/product\/sildebensparkett\/\" title=\"1747Om os\">\n\t\t\t\t\t\t\t\t\t\t\t\t<div class=\"products-list__product-wrap aos-perent-elmn\">\n\t\t\t\t\t\t\t<div class=\"img-wrap aos-init\" data-aos=\"zoom-out\">\n\t\t\t\t\t\t\t\t<img loading=\"lazy\" decoding=\"async\" width=\"500\" height=\"588\" src=\"https:\/\/www.chevronparquet.com\/wp-content\/uploads\/2022\/02\/CHEVRON-PARQUET-IV01-HD-500x588.jpg\" class=\"attachment-post-block-image size-post-block-image wp-post-image\" alt=\"\" srcset=\"https:\/\/www.chevronparquet.com\/wp-content\/uploads\/2022\/02\/CHEVRON-PARQUET-IV01-HD-500x588.jpg 500w, https:\/\/www.chevronparquet.com\/wp-content\/uploads\/2022\/02\/CHEVRON-PARQUET-IV01-HD-255x300.jpg 255w, https:\/\/www.chevronparquet.com\/wp-content\/uploads\/2022\/02\/CHEVRON-PARQUET-IV01-HD-1306x1536.jpg 1306w, https:\/\/www.chevronparquet.com\/wp-content\/uploads\/2022\/02\/CHEVRON-PARQUET-IV01-HD-1741x2048.jpg 1741w, https:\/\/www.chevronparquet.com\/wp-content\/uploads\/2022\/02\/CHEVRON-PARQUET-IV01-HD-600x706.jpg 600w, https:\/\/www.chevronparquet.com\/wp-content\/uploads\/2022\/02\/CHEVRON-PARQUET-IV01-HD-510x600.jpg 510w, https:\/\/www.chevronparquet.com\/wp-content\/uploads\/2022\/02\/CHEVRON-PARQUET-IV01-HD-800x941.jpg 800w, https:\/\/www.chevronparquet.com\/wp-content\/uploads\/2022\/02\/CHEVRON-PARQUET-IV01-HD-900x1059.jpg 900w, https:\/\/www.chevronparquet.com\/wp-content\/uploads\/2022\/02\/CHEVRON-PARQUET-IV01-HD-1445x1700.jpg 1445w, https:\/\/www.chevronparquet.com\/wp-content\/uploads\/2022\/02\/CHEVRON-PARQUET-IV01-HD-247x290.jpg 247w, https:\/\/www.chevronparquet.com\/wp-content\/uploads\/2022\/02\/CHEVRON-PARQUET-IV01-HD-166x195.jpg 166w\" sizes=\"(max-width: 500px) 100vw, 500px\" \/>\t\t\t\t\t\t\t<\/div>\n\t\t\t\t\t\t\t<h3 class=\"product-title h5\">Sildebensparket<\/h3>\n\t\t\t\t\t\t<\/div>\n\t\t\t\t\t<\/a>\n\t\t\t\t<\/div>\n\n            \n\t\t\t\t<div class=\"row__col row__col--6 row__col--md-4 row__col--lg-3\">\n\t\t\t\t\t<a href=\"https:\/\/www.chevronparquet.com\/dk\/product\/bespoke-solutions\/\" title=\"1749Om os\">\n\t\t\t\t\t\t\t\t\t\t\t\t<div class=\"products-list__product-wrap aos-perent-elmn\">\n\t\t\t\t\t\t\t<div class=\"img-wrap aos-init\" data-aos=\"zoom-out\">\n\t\t\t\t\t\t\t\t<img loading=\"lazy\" decoding=\"async\" width=\"500\" height=\"625\" src=\"https:\/\/www.chevronparquet.com\/wp-content\/uploads\/2023\/11\/4_5-09709-500x625.jpg\" class=\"attachment-post-block-image size-post-block-image wp-post-image\" alt=\"\" srcset=\"https:\/\/www.chevronparquet.com\/wp-content\/uploads\/2023\/11\/4_5-09709-500x625.jpg 500w, https:\/\/www.chevronparquet.com\/wp-content\/uploads\/2023\/11\/4_5-09709-240x300.jpg 240w, https:\/\/www.chevronparquet.com\/wp-content\/uploads\/2023\/11\/4_5-09709-1229x1536.jpg 1229w, https:\/\/www.chevronparquet.com\/wp-content\/uploads\/2023\/11\/4_5-09709-1638x2048.jpg 1638w, https:\/\/www.chevronparquet.com\/wp-content\/uploads\/2023\/11\/4_5-09709-600x750.jpg 600w, https:\/\/www.chevronparquet.com\/wp-content\/uploads\/2023\/11\/4_5-09709-480x600.jpg 480w, https:\/\/www.chevronparquet.com\/wp-content\/uploads\/2023\/11\/4_5-09709-800x1000.jpg 800w, https:\/\/www.chevronparquet.com\/wp-content\/uploads\/2023\/11\/4_5-09709-900x1125.jpg 900w, https:\/\/www.chevronparquet.com\/wp-content\/uploads\/2023\/11\/4_5-09709-1360x1700.jpg 1360w, https:\/\/www.chevronparquet.com\/wp-content\/uploads\/2023\/11\/4_5-09709-232x290.jpg 232w, https:\/\/www.chevronparquet.com\/wp-content\/uploads\/2023\/11\/4_5-09709-156x195.jpg 156w, https:\/\/www.chevronparquet.com\/wp-content\/uploads\/2023\/11\/4_5-09709-scaled.jpg 2048w\" sizes=\"(max-width: 500px) 100vw, 500px\" \/>\t\t\t\t\t\t\t<\/div>\n\t\t\t\t\t\t\t<h3 class=\"product-title h5\">Skr\u00e6ddersyede l\u00f8sninger<\/h3>\n\t\t\t\t\t\t<\/div>\n\t\t\t\t\t<\/a>\n\t\t\t\t<\/div>\n\n            \n\t\t\t\t<div class=\"row__col row__col--6 row__col--md-4 row__col--lg-3\">\n\t\t\t\t\t<a href=\"https:\/\/www.chevronparquet.com\/dk\/product\/chevron-gulv\/\" title=\"1751Om os\">\n\t\t\t\t\t\t\t\t\t\t\t\t<div class=\"products-list__product-wrap aos-perent-elmn\">\n\t\t\t\t\t\t\t<div class=\"img-wrap aos-init\" data-aos=\"zoom-out\">\n\t\t\t\t\t\t\t\t<img loading=\"lazy\" decoding=\"async\" width=\"500\" height=\"700\" src=\"https:\/\/www.chevronparquet.com\/wp-content\/uploads\/2022\/02\/chevron_golv_sandhammaren-500x700.png\" class=\"attachment-post-block-image size-post-block-image wp-post-image\" alt=\"chevron gulve\" srcset=\"https:\/\/www.chevronparquet.com\/wp-content\/uploads\/2022\/02\/chevron_golv_sandhammaren-500x700.png 500w, https:\/\/www.chevronparquet.com\/wp-content\/uploads\/2022\/02\/chevron_golv_sandhammaren-214x300.png 214w, https:\/\/www.chevronparquet.com\/wp-content\/uploads\/2022\/02\/chevron_golv_sandhammaren-536x750.png 536w, https:\/\/www.chevronparquet.com\/wp-content\/uploads\/2022\/02\/chevron_golv_sandhammaren-429x600.png 429w, https:\/\/www.chevronparquet.com\/wp-content\/uploads\/2022\/02\/chevron_golv_sandhammaren-800x1120.png 800w, https:\/\/www.chevronparquet.com\/wp-content\/uploads\/2022\/02\/chevron_golv_sandhammaren-900x1260.png 900w, https:\/\/www.chevronparquet.com\/wp-content\/uploads\/2022\/02\/chevron_golv_sandhammaren.png 1000w\" sizes=\"(max-width: 500px) 100vw, 500px\" \/>\t\t\t\t\t\t\t<\/div>\n\t\t\t\t\t\t\t<h3 class=\"product-title h5\">Chevron<\/h3>\n\t\t\t\t\t\t<\/div>\n\t\t\t\t\t<\/a>\n\t\t\t\t<\/div>\n\n                        \n\t\t<\/div>\n\t<\/div>\n<\/section>","protected":false},"excerpt":{"rendered":"","protected":false},"author":1,"featured_media":0,"parent":0,"menu_order":0,"comment_status":"closed","ping_status":"closed","template":"","meta":{"_seopress_robots_primary_cat":"","_seopress_titles_title":"","_seopress_titles_desc":"","_seopress_robots_index":"","footnotes":""},"class_list":["post-1724","page","type-page","status-publish","hentry"],"acf":[],"_links":{"self":[{"href":"https:\/\/www.chevronparquet.com\/dk\/wp-json\/wp\/v2\/pages\/1724"}],"collection":[{"href":"https:\/\/www.chevronparquet.com\/dk\/wp-json\/wp\/v2\/pages"}],"about":[{"href":"https:\/\/www.chevronparquet.com\/dk\/wp-json\/wp\/v2\/types\/page"}],"author":[{"embeddable":true,"href":"https:\/\/www.chevronparquet.com\/dk\/wp-json\/wp\/v2\/users\/1"}],"replies":[{"embeddable":true,"href":"https:\/\/www.chevronparquet.com\/dk\/wp-json\/wp\/v2\/comments?post=1724"}],"version-history":[{"count":11,"href":"https:\/\/www.chevronparquet.com\/dk\/wp-json\/wp\/v2\/pages\/1724\/revisions"}],"predecessor-version":[{"id":2218,"href":"https:\/\/www.chevronparquet.com\/dk\/wp-json\/wp\/v2\/pages\/1724\/revisions\/2218"}],"wp:attachment":[{"href":"https:\/\/www.chevronparquet.com\/dk\/wp-json\/wp\/v2\/media?parent=1724"}],"curies":[{"name":"wp","href":"https:\/\/api.w.org\/{rel}","templated":true}]}}